{"id":152,"date":"2026-04-17T02:04:54","date_gmt":"2026-04-17T02:04:54","guid":{"rendered":"https:\/\/karlailustra.com\/?page_id=152"},"modified":"2026-04-17T02:30:05","modified_gmt":"2026-04-17T02:30:05","slug":"quien-soy-2","status":"publish","type":"page","link":"https:\/\/karlailustra.com\/?page_id=152","title":{"rendered":"Qui\u00e9n soy"},"content":{"rendered":"\t\t<div data-elementor-type=\"wp-page\" data-elementor-id=\"152\" class=\"elementor elementor-152\">\n\t\t\t\t\t\t<section class=\"elementor-section elementor-top-section elementor-element elementor-element-e8f1646 elementor-section-boxed elementor-section-height-default elementor-section-height-default\" data-id=\"e8f1646\" data-element_type=\"section\" data-e-type=\"section\">\n\t\t\t\t\t\t<div class=\"elementor-container elementor-column-gap-default\">\n\t\t\t\t\t<div class=\"elementor-column elementor-col-33 elementor-top-column elementor-element elementor-element-e4c0c2c\" data-id=\"e4c0c2c\" data-element_type=\"column\" data-e-type=\"column\">\n\t\t\t<div class=\"elementor-widget-wrap elementor-element-populated\">\n\t\t\t\t\t\t<div class=\"elementor-element elementor-element-7adc8c4 elementor-widget__width-initial elementor-widget elementor-widget-image\" data-id=\"7adc8c4\" data-element_type=\"widget\" data-e-type=\"widget\" data-widget_type=\"image.default\">\n\t\t\t\t<div class=\"elementor-widget-container\">\n\t\t\t\t\t\t\t\t\t\t\t\t\t\t\t<img fetchpriority=\"high\" decoding=\"async\" width=\"1024\" height=\"1024\" src=\"https:\/\/karlailustra.com\/wp-content\/uploads\/2026\/04\/Recurso-1-1024x1024.png\" class=\"attachment-large size-large wp-image-71\" alt=\"\" srcset=\"https:\/\/karlailustra.com\/wp-content\/uploads\/2026\/04\/Recurso-1-1024x1024.png 1024w, https:\/\/karlailustra.com\/wp-content\/uploads\/2026\/04\/Recurso-1-300x300.png 300w, https:\/\/karlailustra.com\/wp-content\/uploads\/2026\/04\/Recurso-1-150x150.png 150w, https:\/\/karlailustra.com\/wp-content\/uploads\/2026\/04\/Recurso-1-768x768.png 768w, https:\/\/karlailustra.com\/wp-content\/uploads\/2026\/04\/Recurso-1-1536x1536.png 1536w, https:\/\/karlailustra.com\/wp-content\/uploads\/2026\/04\/Recurso-1-600x600.png 600w, https:\/\/karlailustra.com\/wp-content\/uploads\/2026\/04\/Recurso-1-100x100.png 100w, https:\/\/karlailustra.com\/wp-content\/uploads\/2026\/04\/Recurso-1.png 1789w\" sizes=\"(max-width: 1024px) 100vw, 1024px\" \/>\t\t\t\t\t\t\t\t\t\t\t\t\t\t\t<\/div>\n\t\t\t\t<\/div>\n\t\t\t\t\t<\/div>\n\t\t<\/div>\n\t\t\t\t<div class=\"elementor-column elementor-col-66 elementor-top-column elementor-element elementor-element-ea46794\" data-id=\"ea46794\" data-element_type=\"column\" data-e-type=\"column\">\n\t\t\t<div class=\"elementor-widget-wrap elementor-element-populated\">\n\t\t\t\t\t\t<div class=\"elementor-element elementor-element-6f1824a elementor-widget__width-initial elementor-widget elementor-widget-text-editor\" data-id=\"6f1824a\" data-element_type=\"widget\" data-e-type=\"widget\" data-widget_type=\"text-editor.default\">\n\t\t\t\t<div class=\"elementor-widget-container\">\n\t\t\t\t\t\t\t\t\t<p><img decoding=\"async\" class=\"wp-image-167  aligncenter\" src=\"https:\/\/karlailustra.com\/wp-content\/uploads\/2026\/04\/elemento-1-300x300.png\" alt=\"\" width=\"24\" height=\"24\" srcset=\"https:\/\/karlailustra.com\/wp-content\/uploads\/2026\/04\/elemento-1-300x300.png 300w, https:\/\/karlailustra.com\/wp-content\/uploads\/2026\/04\/elemento-1-150x150.png 150w, https:\/\/karlailustra.com\/wp-content\/uploads\/2026\/04\/elemento-1.png 354w\" sizes=\"(max-width: 24px) 100vw, 24px\" \/><\/p><p>\u00a0<\/p><p>\u00a0<\/p><p><span style=\"color: #3366ff;\">Soy Karla Cu\u00e9llar, dise\u00f1adora gr\u00e1fica, ilustradora y amo la naturaleza especialmente las plantas. Mi trabajo consta de intervenciones florales, litogr\u00e1ficas, collages, dise\u00f1o de carteles culturales, portadas de libros y proyectos gr\u00e1ficos sobre el papel de la mujer desde un enfoque diverso y multicultural.<\/span><\/p>\t\t\t\t\t\t\t\t<\/div>\n\t\t\t\t<\/div>\n\t\t\t\t\t<\/div>\n\t\t<\/div>\n\t\t\t\t\t<\/div>\n\t\t<\/section>\n\t\t\t\t<\/div>\n\t\t","protected":false},"excerpt":{"rendered":"<p>\u00a0 \u00a0 Soy Karla Cu\u00e9llar, dise\u00f1adora gr\u00e1fica, ilustradora y amo la naturaleza especialmente las plantas. Mi trabajo consta de intervenciones florales, litogr\u00e1ficas, collages, dise\u00f1o de &hellip; <\/p>\n","protected":false},"author":2,"featured_media":0,"parent":0,"menu_order":0,"comment_status":"closed","ping_status":"closed","template":"","meta":{"footnotes":""},"class_list":["post-152","page","type-page","status-publish","hentry"],"_links":{"self":[{"href":"https:\/\/karlailustra.com\/index.php?rest_route=\/wp\/v2\/pages\/152","targetHints":{"allow":["GET"]}}],"collection":[{"href":"https:\/\/karlailustra.com\/index.php?rest_route=\/wp\/v2\/pages"}],"about":[{"href":"https:\/\/karlailustra.com\/index.php?rest_route=\/wp\/v2\/types\/page"}],"author":[{"embeddable":true,"href":"https:\/\/karlailustra.com\/index.php?rest_route=\/wp\/v2\/users\/2"}],"replies":[{"embeddable":true,"href":"https:\/\/karlailustra.com\/index.php?rest_route=%2Fwp%2Fv2%2Fcomments&post=152"}],"version-history":[{"count":10,"href":"https:\/\/karlailustra.com\/index.php?rest_route=\/wp\/v2\/pages\/152\/revisions"}],"predecessor-version":[{"id":170,"href":"https:\/\/karlailustra.com\/index.php?rest_route=\/wp\/v2\/pages\/152\/revisions\/170"}],"wp:attachment":[{"href":"https:\/\/karlailustra.com\/index.php?rest_route=%2Fwp%2Fv2%2Fmedia&parent=152"}],"curies":[{"name":"wp","href":"https:\/\/api.w.org\/{rel}","templated":true}]}}